{"id":178,"date":"2025-04-28T18:06:09","date_gmt":"2025-04-28T18:06:09","guid":{"rendered":"https:\/\/proacedeck.top\/?page_id=178"},"modified":"2025-04-28T18:06:09","modified_gmt":"2025-04-28T18:06:09","slug":"cookie-richtlinie","status":"publish","type":"page","link":"https:\/\/proacedeck.top\/index.php\/cookie-richtlinie\/","title":{"rendered":"Cookie-Richtlinie"},"content":{"rendered":"\n<h2 class=\"wp-block-heading\">Einf\u00fchrung<\/h2>\n\n\n\n<p>Diese Cookie-Richtlinie erkl\u00e4rt, wie&nbsp;(\u201ewir\u201c, \u201euns\u201c und \u201eunser\u201c) verwendet Cookies und \u00c4hnliches Technologien Zu Wir erkennen Sie wieder, wenn Sie unsere Website besuchen&nbsp;file:\/\/ . Es erkl\u00e4rt, was diese Technologien sind und warum Wir verwenden Sie sowie Ihr Recht, unsere Nutzung dieser zu kontrollieren.<\/p>\n\n\n\n<h2 class=\"wp-block-heading\">Was sind Cookies?<\/h2>\n\n\n\n<p>Cookies sind kleine Datendateien, die auf Ihrem Computer oder Mobilger\u00e4t abgelegt werden, wenn Sie eine Website besuchen. Kekse Sind Wird h\u00e4ufig von Website-Eigent\u00fcmern verwendet, um ihre Websites funktionsf\u00e4hig zu machen oder effizienter zu machen bieten Berichtsinformationen.<\/p>\n\n\n\n<p>Vom Website-Eigent\u00fcmer gesetzte Cookies (in diesem Fall&nbsp;) werden als \u201eErstanbieter-Cookies\u201c bezeichnet. Kekse Satz von Andere Parteien als der Website-Eigent\u00fcmer werden als \u201eDrittanbieter-Cookies\u201c bezeichnet. Drittanbieter-Cookies erm\u00f6glichen Drittanbietern Merkmale oder Funktionalit\u00e4t, die auf oder \u00fcber die Website bereitgestellt werden soll (z. B. Werbung, interaktive Inhalte usw.) Analytik). Der Parteien, die diese Drittanbieter-Cookies setzen, k\u00f6nnen Ihren Computer erkennen, wenn er die Website besucht Frage Und auch beim Besuch bestimmter anderer Websites.<\/p>\n\n\n\n<h2 class=\"wp-block-heading\">Warum verwenden wir Cookies?<\/h2>\n\n\n\n<p>Wir verwenden Cookies von Erstanbietern und Drittanbietern aus mehreren Gr\u00fcnden. Einige Cookies sind aus technischen Gr\u00fcnden erforderlich In Befehl f\u00fcr den Betrieb unserer Websites und wir bezeichnen diese als \u201ewesentliche\u201c oder \u201eunbedingt notwendige\u201c Cookies. Andere Cookies Auch erm\u00f6glichen es uns, die Interessen unserer Benutzer zu verfolgen und gezielt darauf einzugehen, um das Erlebnis auf unseren Online-Angeboten zu verbessern. Dritte Die Parteien verwenden \u00fcber unsere Websites Cookies f\u00fcr Werbe-, Analyse- und andere Zwecke. Dies ist in beschrieben mehr Details unten.<\/p>\n\n\n\n<p>Die auf unserer Website verwendeten Arten von Cookies:<\/p>\n\n\n\n<ul class=\"wp-block-list\">\n<li>Notwendige Cookies: Diese Cookies sind unbedingt erforderlich, um Ihnen die \u00fcber uns verf\u00fcgbaren Dienste bereitzustellen Websites Und um einige seiner Funktionen zu nutzen, z. B. den Zugang zu sicheren Bereichen.<\/li>\n\n\n\n<li>Leistungs- und Funktionalit\u00e4ts-Cookies: Diese Cookies werden verwendet, um die Leistung und Funktionalit\u00e4t zu verbessern unserer Websites sind jedoch f\u00fcr deren Nutzung nicht unbedingt erforderlich. Ohne diese Cookies sind jedoch bestimmte Funktionen m\u00f6glicherweise nicht m\u00f6glich werden nicht verf\u00fcgbar.<\/li>\n\n\n\n<li>Analyse- und Anpassungscookies: Diese Cookies sammeln Informationen, die entweder in aggregierter Form verwendet werden helfen uns Um zu verstehen, wie unsere Websites genutzt werden oder wie effektiv unsere Marketingkampagnen sind, oder um uns zu helfen Passen Sie unsere an Websites f\u00fcr Sie.<\/li>\n\n\n\n<li>Werbe-Cookies: Diese Cookies werden verwendet, um Werbebotschaften f\u00fcr Sie relevanter zu machen. Sie treten auf Funktionen Beispielsweise verhindern Sie, dass dieselbe Anzeige immer wieder erscheint, und stellen sicher, dass Anzeigen ordnungsgem\u00e4\u00df angezeigt werden Werbetreibende, Und In einigen F\u00e4llen w\u00e4hlen wir Werbung aus, die auf Ihren Interessen basiert.<\/li>\n<\/ul>\n\n\n\n<h2 class=\"wp-block-heading\">Wie kann ich Cookies kontrollieren?<\/h2>\n\n\n\n<p>Sie haben das Recht zu entscheiden, ob Sie Cookies akzeptieren oder ablehnen. Sie k\u00f6nnen Ihre Cookie-Rechte durch Setzen aus\u00fcben dein Einstellungen im Cookie Consent Manager. Mit dem Cookie Consent Manager k\u00f6nnen Sie ausw\u00e4hlen, welche Kategorien von Kekse Sie akzeptieren oder lehnen ab. Wesentliche Cookies k\u00f6nnen nicht abgelehnt werden, da sie f\u00fcr die Bereitstellung unbedingt erforderlich sind Dienstleistungen.<\/p>\n\n\n\n<p>Die spezifischen Schritte hierf\u00fcr variieren von Browser zu Browser. Weitere Informationen finden Sie im Hilfemen\u00fc Ihres Browsers Informationen.<\/p>\n\n\n\n<h2 class=\"wp-block-heading\">\u00c4nderungen an der Cookie-Richtlinie<\/h2>\n\n\n\n<p>Wir k\u00f6nnen diese Cookie-Richtlinie von Zeit zu Zeit aktualisieren, um beispielsweise \u00c4nderungen an den von uns verwendeten Cookies widerzuspiegeln verwenden oder aus anderen betrieblichen, rechtlichen oder regulatorischen Gr\u00fcnden. Bitte lesen Sie diese Cookie-Richtlinie daher regelm\u00e4\u00dfig erneut durch bleiben \u00fcber unsere Verwendung von Cookies und verwandten Technologien informiert.<\/p>\n\n\n\n<h2 class=\"wp-block-heading\">Kontaktieren Sie uns<\/h2>\n\n\n\n<p>Wenn Sie Fragen zu unserer Verwendung von Cookies oder anderen Technologien haben, senden Sie uns bitte eine E-Mail.<\/p>\n","protected":false},"excerpt":{"rendered":"<p>Einf\u00fchrung Diese Cookie-Richtlinie erkl\u00e4rt, wie&nbsp;(\u201ewir\u201c, \u201euns\u201c und \u201eunser\u201c) verwendet Cookies und \u00c4hnliches Technologien Zu Wir erkennen Sie wieder, wenn Sie [&hellip;]<\/p>\n","protected":false},"author":1,"featured_media":0,"parent":0,"menu_order":0,"comment_status":"closed","ping_status":"closed","template":"","meta":{"site-sidebar-layout":"default","site-content-layout":"","ast-site-content-layout":"","site-content-style":"default","site-sidebar-style":"default","ast-global-header-display":"","ast-banner-title-visibility":"","ast-main-header-display":"","ast-hfb-above-header-display":"","ast-hfb-below-header-display":"","ast-hfb-mobile-header-display":"","site-post-title":"","ast-breadcrumbs-content":"","ast-featured-img":"","footer-sml-layout":"","theme-transparent-header-meta":"","adv-header-id-meta":"","stick-header-meta":"","header-above-stick-meta":"","header-main-stick-meta":"","header-below-stick-meta":"","astra-migrate-meta-layouts":"default","ast-page-background-enabled":"default","ast-page-background-meta":{"desktop":{"background-color":"var(--ast-global-color-5)","background-image":"","background-repeat":"repeat","background-position":"center center","background-size":"auto","background-attachment":"scroll","background-type":"","background-media":"","overlay-type":"","overlay-color":"","overlay-opacity":"","overlay-gradient":""},"tablet":{"background-color":"","background-image":"","background-repeat":"repeat","background-position":"center center","background-size":"auto","background-attachment":"scroll","background-type":"","background-media":"","overlay-type":"","overlay-color":"","overlay-opacity":"","overlay-gradient":""},"mobile":{"background-color":"","background-image":"","background-repeat":"repeat","background-position":"center center","background-size":"auto","background-attachment":"scroll","background-type":"","background-media":"","overlay-type":"","overlay-color":"","overlay-opacity":"","overlay-gradient":""}},"ast-content-background-meta":{"desktop":{"background-color":"var(--ast-global-color-4)","background-image":"","background-repeat":"repeat","background-position":"center center","background-size":"auto","background-attachment":"scroll","background-type":"","background-media":"","overlay-type":"","overlay-color":"","overlay-opacity":"","overlay-gradient":""},"tablet":{"background-color":"var(--ast-global-color-4)","background-image":"","background-repeat":"repeat","background-position":"center center","background-size":"auto","background-attachment":"scroll","background-type":"","background-media":"","overlay-type":"","overlay-color":"","overlay-opacity":"","overlay-gradient":""},"mobile":{"background-color":"var(--ast-global-color-4)","background-image":"","background-repeat":"repeat","background-position":"center center","background-size":"auto","background-attachment":"scroll","background-type":"","background-media":"","overlay-type":"","overlay-color":"","overlay-opacity":"","overlay-gradient":""}},"footnotes":""},"class_list":["post-178","page","type-page","status-publish","hentry"],"_links":{"self":[{"href":"https:\/\/proacedeck.top\/index.php\/wp-json\/wp\/v2\/pages\/178","targetHints":{"allow":["GET"]}}],"collection":[{"href":"https:\/\/proacedeck.top\/index.php\/wp-json\/wp\/v2\/pages"}],"about":[{"href":"https:\/\/proacedeck.top\/index.php\/wp-json\/wp\/v2\/types\/page"}],"author":[{"embeddable":true,"href":"https:\/\/proacedeck.top\/index.php\/wp-json\/wp\/v2\/users\/1"}],"replies":[{"embeddable":true,"href":"https:\/\/proacedeck.top\/index.php\/wp-json\/wp\/v2\/comments?post=178"}],"version-history":[{"count":1,"href":"https:\/\/proacedeck.top\/index.php\/wp-json\/wp\/v2\/pages\/178\/revisions"}],"predecessor-version":[{"id":179,"href":"https:\/\/proacedeck.top\/index.php\/wp-json\/wp\/v2\/pages\/178\/revisions\/179"}],"wp:attachment":[{"href":"https:\/\/proacedeck.top\/index.php\/wp-json\/wp\/v2\/media?parent=178"}],"curies":[{"name":"wp","href":"https:\/\/api.w.org\/{rel}","templated":true}]}}