{"id":174,"date":"2025-04-28T18:05:35","date_gmt":"2025-04-28T18:05:35","guid":{"rendered":"https:\/\/proacedeck.top\/?page_id=174"},"modified":"2025-04-28T18:05:35","modified_gmt":"2025-04-28T18:05:35","slug":"datenschutzbestimmungen","status":"publish","type":"page","link":"https:\/\/proacedeck.top\/index.php\/datenschutzbestimmungen\/","title":{"rendered":"Datenschutzbestimmungen"},"content":{"rendered":"\n<p>Wir sind bestrebt, Ihre pers\u00f6nlichen Daten sicher und privat zu halten. Wenn Sie unsere Website und Dienste nutzen, werden wir Informationen sammeln, verwenden und offenlegen, wie in dieser Datenschutzrichtlinie beschrieben. Lesen Sie diese Richtlinie eine Minute lang durch und lassen Sie uns wissen, wenn Sie Fragen oder Probleme haben.<\/p>\n\n\n\n<h2 class=\"wp-block-heading\">Informationen, die wir sammeln<\/h2>\n\n\n\n<p>Wir k\u00f6nnen verschiedene Arten von Informationen von Ihnen sammeln, wenn Sie mit unserer Website interagieren:<\/p>\n\n\n\n<h3 class=\"wp-block-heading\">1. Pers\u00f6nliche Informationen<\/h3>\n\n\n\n<p>Wenn Sie uns freiwillig personenbezogene Daten \u00fcber Formulare oder andere Kommunikationskan\u00e4le zur Verf\u00fcgung stellen, k\u00f6nnen wir diese erfassen, einschlie\u00dflich Ihres Namens, Ihrer E-Mail-Adresse und Ihrer Kontaktinformationen. Um Ihre Bed\u00fcrfnisse zu befriedigen, Ihre Fragen zu beantworten und Ihnen den bestm\u00f6glichen Service zu bieten, werden diese Informationen verwendet.<\/p>\n\n\n\n<h3 class=\"wp-block-heading\">2. Nicht personenbezogene Daten<\/h3>\n\n\n\n<p>Nicht-personenbezogene Daten wie Ihre IP-Adresse, Ihr Betriebssystem, Ihr Browsertyp und Website-Nutzungsstatistiken k\u00f6nnen ebenfalls von uns erfasst werden. Diese Daten werden kombiniert und f\u00fcr die interne Analyse von Trends, die Website-Administration, die Verfolgung von Benutzerbewegungen und die Erfassung demografischer Daten verwendet. Es tr\u00e4gt dazu bei, die Leistung und N\u00fctzlichkeit unserer Website zu verbessern.<\/p>\n\n\n\n<h2 class=\"wp-block-heading\">Wie wir Ihre Daten verwenden<\/h2>\n\n\n\n<p>Wir verwenden die von uns erhobenen Daten f\u00fcr die folgenden Zwecke:<\/p>\n\n\n\n<ul class=\"wp-block-list\">\n<li>Bereitstellung und Aufrechterhaltung unserer Dienstleistungen<\/li>\n\n\n\n<li>Verbesserung, Anpassung und Erweiterung unseres Angebots<\/li>\n\n\n\n<li>Beantworten Sie Ihre Fragen, Anmerkungen und W\u00fcnsche.<\/li>\n\n\n\n<li>Sprechen Sie mit Ihnen \u00fcber die Waren, Dienstleistungen, Angebote und Sonderangebote.<\/li>\n\n\n\n<li>Verfolgen und bewerten Sie Muster, Anwendungen und Aktionen.<\/li>\n\n\n\n<li>Stoppen, identifizieren und untersuchen Sie betr\u00fcgerische oder rechtswidrige Aktivit\u00e4ten.<\/li>\n\n\n\n<li>Aufrechterhaltung der Integrit\u00e4t und Sicherheit unserer Website.<\/li>\n\n\n\n<li>Halten Sie Ihre gesetzlichen Verpflichtungen ein<\/li>\n<\/ul>\n\n\n\n<h2 class=\"wp-block-heading\">Weitergabe und Offenlegung von Informationen<\/h2>\n\n\n\n<p>Wir respektieren Ihre Privatsph\u00e4re und verkaufen oder geben Ihre personenbezogenen Daten nicht an Dritte weiter, au\u00dfer unter den folgenden Umst\u00e4nden:<\/p>\n\n\n\n<ul class=\"wp-block-list\">\n<li><strong>Dienstleister:<\/strong>\u00a0Um Aufgaben auszuf\u00fchren und Ihre Daten in unserem Namen zu verarbeiten, k\u00f6nnen wir mit seri\u00f6sen Drittanbietern zusammenarbeiten. Diese Dienstleister sind verpflichtet, Ihre Daten privat und vertraulich zu behandeln. Sie d\u00fcrfen sie nur verwenden, um Aufgaben in unserem Auftrag auszuf\u00fchren.<\/li>\n\n\n\n<li><strong>Gesetzliche Anforderungen:<\/strong>\u00a0Wenn dies gesetzlich vorgeschrieben ist oder als Reaktion auf legitime Anfragen von Beh\u00f6rden (z. B. einem Gericht oder einer Regierungsbeh\u00f6rde), k\u00f6nnen wir verpflichtet sein, Ihre Daten freizugeben.<\/li>\n\n\n\n<li><strong>Gesch\u00e4ftliche \u00dcbertragungen:<\/strong>\u00a0Ihre Daten k\u00f6nnen im Falle einer Fusion, einer \u00dcbernahme oder eines Verkaufs unserer Verm\u00f6genswerte an das \u00fcbernehmende Unternehmen weitergegeben werden.<\/li>\n\n\n\n<li><strong>Einwilligen:<\/strong>\u00a0Sie k\u00f6nnen uns die Erlaubnis erteilen, Ihre Daten weiterzugeben, oder uns auffordern, dies zu tun.<\/li>\n<\/ul>\n\n\n\n<h2 class=\"wp-block-heading\">Vorratsdatenspeicherung<\/h2>\n\n\n\n<p>Sofern eine l\u00e4ngere Aufbewahrungsfrist nicht gesetzlich vorgeschrieben oder genehmigt ist, bewahren wir Ihre personenbezogenen Daten so lange auf, wie es erforderlich ist, um die in dieser Datenschutzrichtlinie genannten Ziele zu erreichen.<\/p>\n\n\n\n<h2 class=\"wp-block-heading\">Ihre Rechte<\/h2>\n\n\n\n<p>Sie haben das Recht:<\/p>\n\n\n\n<ul class=\"wp-block-list\">\n<li>Ihre personenbezogenen Daten zu erhalten, zu \u00e4ndern oder zu entfernen.<\/li>\n\n\n\n<li>Sie k\u00f6nnen Ihre Zustimmung jederzeit widerrufen.<\/li>\n\n\n\n<li>Lehnen Sie die Verarbeitung Ihrer personenbezogenen Daten ab.<\/li>\n\n\n\n<li>Holen Sie sich eine Kopie der Daten, die wir derzeit \u00fcber Sie haben.<\/li>\n\n\n\n<li>Einschr\u00e4nkung oder Minimierung der Verwendung Ihrer personenbezogenen Daten an uns.<\/li>\n<\/ul>\n\n\n\n<p>Bitte verwenden Sie die am Ende dieser Datenschutzerkl\u00e4rung angegebenen Kontaktdaten, um mit uns in Kontakt zu treten, um eines dieser Rechte auszu\u00fcben.<\/p>\n\n\n\n<h2 class=\"wp-block-heading\">Sicherheit<\/h2>\n\n\n\n<p>Wir treffen angemessene Vorkehrungen, um uns vor unbefugtem Zugriff, unbefugter Verwendung oder Offenlegung Ihrer personenbezogenen Daten zu sch\u00fctzen. Bitte beachten Sie jedoch, dass wir keine vollst\u00e4ndige Sicherheit garantieren k\u00f6nnen und dass es keine 100% sichere M\u00f6glichkeit gibt, Daten \u00fcber das Internet zu \u00fcbertragen oder elektronische Dateien zu speichern.<\/p>\n\n\n\n<h2 class=\"wp-block-heading\">Links zu Drittanbietern<\/h2>\n\n\n\n<p>Auf unserer Website finden sich Links zu externen Websites oder Diensten, die nicht von uns betrieben werden. Wir haben keine Kontrolle \u00fcber die Datenschutzpraktiken, Inhalte oder Richtlinien von Websites Dritter, auf die Sie von unserer Website aus verlinken, und lehnen jegliche Haftung daf\u00fcr ab.<\/p>\n\n\n\n<h2 class=\"wp-block-heading\">\u00c4nderungen an dieser Datenschutzerkl\u00e4rung<\/h2>\n\n\n\n<p>Wir k\u00f6nnen gelegentlich \u00c4nderungen an unserer Datenschutzerkl\u00e4rung vornehmen. Alle Aktualisierungen werden auf dieser Seite angezeigt, zusammen mit einer \u00dcberarbeitung des Datums der letzten Aktualisierung oben. Es wird empfohlen, diese Datenschutzrichtlinie regelm\u00e4\u00dfig auf \u00c4nderungen zu \u00fcberpr\u00fcfen.<\/p>\n","protected":false},"excerpt":{"rendered":"<p>Wir sind bestrebt, Ihre pers\u00f6nlichen Daten sicher und privat zu halten. Wenn Sie unsere Website und Dienste nutzen, werden wir [&hellip;]<\/p>\n","protected":false},"author":1,"featured_media":0,"parent":0,"menu_order":0,"comment_status":"closed","ping_status":"closed","template":"","meta":{"site-sidebar-layout":"default","site-content-layout":"","ast-site-content-layout":"","site-content-style":"default","site-sidebar-style":"default","ast-global-header-display":"","ast-banner-title-visibility":"","ast-main-header-display":"","ast-hfb-above-header-display":"","ast-hfb-below-header-display":"","ast-hfb-mobile-header-display":"","site-post-title":"","ast-breadcrumbs-content":"","ast-featured-img":"","footer-sml-layout":"","theme-transparent-header-meta":"","adv-header-id-meta":"","stick-header-meta":"","header-above-stick-meta":"","header-main-stick-meta":"","header-below-stick-meta":"","astra-migrate-meta-layouts":"default","ast-page-background-enabled":"default","ast-page-background-meta":{"desktop":{"background-color":"var(--ast-global-color-5)","background-image":"","background-repeat":"repeat","background-position":"center center","background-size":"auto","background-attachment":"scroll","background-type":"","background-media":"","overlay-type":"","overlay-color":"","overlay-opacity":"","overlay-gradient":""},"tablet":{"background-color":"","background-image":"","background-repeat":"repeat","background-position":"center center","background-size":"auto","background-attachment":"scroll","background-type":"","background-media":"","overlay-type":"","overlay-color":"","overlay-opacity":"","overlay-gradient":""},"mobile":{"background-color":"","background-image":"","background-repeat":"repeat","background-position":"center center","background-size":"auto","background-attachment":"scroll","background-type":"","background-media":"","overlay-type":"","overlay-color":"","overlay-opacity":"","overlay-gradient":""}},"ast-content-background-meta":{"desktop":{"background-color":"var(--ast-global-color-4)","background-image":"","background-repeat":"repeat","background-position":"center center","background-size":"auto","background-attachment":"scroll","background-type":"","background-media":"","overlay-type":"","overlay-color":"","overlay-opacity":"","overlay-gradient":""},"tablet":{"background-color":"var(--ast-global-color-4)","background-image":"","background-repeat":"repeat","background-position":"center center","background-size":"auto","background-attachment":"scroll","background-type":"","background-media":"","overlay-type":"","overlay-color":"","overlay-opacity":"","overlay-gradient":""},"mobile":{"background-color":"var(--ast-global-color-4)","background-image":"","background-repeat":"repeat","background-position":"center center","background-size":"auto","background-attachment":"scroll","background-type":"","background-media":"","overlay-type":"","overlay-color":"","overlay-opacity":"","overlay-gradient":""}},"footnotes":""},"class_list":["post-174","page","type-page","status-publish","hentry"],"_links":{"self":[{"href":"https:\/\/proacedeck.top\/index.php\/wp-json\/wp\/v2\/pages\/174","targetHints":{"allow":["GET"]}}],"collection":[{"href":"https:\/\/proacedeck.top\/index.php\/wp-json\/wp\/v2\/pages"}],"about":[{"href":"https:\/\/proacedeck.top\/index.php\/wp-json\/wp\/v2\/types\/page"}],"author":[{"embeddable":true,"href":"https:\/\/proacedeck.top\/index.php\/wp-json\/wp\/v2\/users\/1"}],"replies":[{"embeddable":true,"href":"https:\/\/proacedeck.top\/index.php\/wp-json\/wp\/v2\/comments?post=174"}],"version-history":[{"count":1,"href":"https:\/\/proacedeck.top\/index.php\/wp-json\/wp\/v2\/pages\/174\/revisions"}],"predecessor-version":[{"id":175,"href":"https:\/\/proacedeck.top\/index.php\/wp-json\/wp\/v2\/pages\/174\/revisions\/175"}],"wp:attachment":[{"href":"https:\/\/proacedeck.top\/index.php\/wp-json\/wp\/v2\/media?parent=174"}],"curies":[{"name":"wp","href":"https:\/\/api.w.org\/{rel}","templated":true}]}}